{"id":150,"date":"2021-09-28T18:29:08","date_gmt":"2021-09-28T16:29:08","guid":{"rendered":"https:\/\/zukunft.astro-seiten.de\/indexseite\/?page_id=150"},"modified":"2023-02-15T14:16:50","modified_gmt":"2023-02-15T13:16:50","slug":"agb","status":"publish","type":"page","link":"https:\/\/zukunft.astro-seiten.de\/indexseite\/agb\/","title":{"rendered":"AGB"},"content":{"rendered":"<p>[et_pb_section fb_built=&#8220;1&#8243; fullwidth=&#8220;on&#8220; _builder_version=&#8220;4.16&#8243; max_height=&#8220;153px&#8220; global_colors_info=&#8220;{}&#8220;][et_pb_fullwidth_image src=&#8220;https:\/\/zukunft.astro-seiten.de\/indexseite\/wp-content\/uploads\/sites\/2\/2021\/09\/Logo-Balken-1.jpg&#8220; _builder_version=&#8220;4.16&#8243; global_colors_info=&#8220;{}&#8220;][\/et_pb_fullwidth_image][\/et_pb_section][et_pb_section fb_built=&#8220;1&#8243; _builder_version=&#8220;4.17.4&#8243; background_color=&#8220;RGBA(255,255,255,0)&#8220; min_height=&#8220;293px&#8220; custom_padding=&#8220;||0px|||&#8220; global_colors_info=&#8220;{}&#8220;][et_pb_row column_structure=&#8220;2_3,1_3&#8243; _builder_version=&#8220;4.17.4&#8243; custom_padding=&#8220;2px|||||&#8220; global_colors_info=&#8220;{}&#8220;][et_pb_column type=&#8220;2_3&#8243; _builder_version=&#8220;4.16&#8243; global_colors_info=&#8220;{}&#8220;][et_pb_text _builder_version=&#8220;4.19.4&#8243; header_2_font_size=&#8220;20px&#8220; header_2_letter_spacing=&#8220;1px&#8220; header_2_line_height=&#8220;1.7em&#8220; global_colors_info=&#8220;{}&#8220;]<\/p>\n<h4><strong>Allgemeine Gesch\u00e4ftsbedingungen (AGB) f\u00fcr die Mitgliedschaft bei <\/strong><\/h4>\n<h4><strong>astro-seiten.de<\/strong><\/h4>\n<p style=\"text-align: justify;\">\n<p style=\"text-align: justify;\">Bei der Mitgliedschaft handelt es sich um den Zugang zum gesch\u00fctzten Mitgliederbereich von astro-seiten.de. Dort werden in der Regel t\u00e4glich (5 Tage\/Woche) Texte mit Informationen, Berechnungen oder \/ und inhaltlichen Zusammenh\u00e4ngen zum Zeitgeschehen und der damit verbundenen zuk\u00fcnftigen Entwicklung &#8211; astrologisch betrachtet &#8211; eingestellt.<\/p>\n<p style=\"text-align: justify;\">Mitglied kann jeweils nur eine nat\u00fcrliche Person sein. Jedes Mitglied haftet pers\u00f6nlich f\u00fcr die Einhaltung dieser AG- und Nutzungsbedingungen.<\/p>\n<p style=\"text-align: justify;\">1. Nutzung<br \/>Das Mitglied ist nur berechtigt, die Informationen von astro-seiten.de pers\u00f6nlich zu nutzen.<br \/>&#8211; Es ist nicht gestattet, Texte oder Ausz\u00fcge aus Texten anderen Personen zug\u00e4nglich zu machen als denen die dauerhaft in Ihrem Haushalt leben.<br \/>&#8211; Es ist nicht gestattet, Texte und Inhalte bzgl. errechneter Daten und Ereignisse, welche zuk\u00fcnftige Ereignisse betreffen f\u00fcr eigene Newsletter, Vortr\u00e4ge, Seminare o.\u00e4. zu verwenden.<br \/>&#8211; Alle Texte und Daten im Mitgliederbereich d\u00fcrfen ohne schriftliche Zustimmung weder geteilt, kopiert, aufgezeichnet, ver\u00f6ffentlicht, vorgef\u00fchrt oder Dritten zug\u00e4nglich gemacht werden.<br \/>&#8211; Es ist nicht gestattet, die Login-Daten f\u00fcr den Mitgliederbereich an Dritte weiter zu geben, oder die Verwendung der Zugangsdaten durch Dritte zu erm\u00f6glichen oder zu dulden.<br \/>Verletzt das Mitglied diese Bestimmungen ist es gegen\u00fcber astro-seiten.de vollumf\u00e4nglich schadenersatzpflichtig. Ein Versto\u00df gegen diese Bestimmung kann dar\u00fcber hinaus die unverz\u00fcgliche Deaktivierung des Logins zur Folge haben.<\/p>\n<p style=\"text-align: justify;\">2. Zahlungsdaten<br \/>astro-seiten.de speichert keine Zahlungsdaten (z.B. Kreditkartendaten) des Mitglieds, weil alle Bezahlungen immer \u00fcber einen Zahlungsprovider abgewickelt werden und das Mitglied nur beim Zahlungsprovider (derzeit \u201estripe\u201c) seine Zahlungsdaten eingibt.<br \/>3. Zahlungsoptionen<br \/>Im Bereich &#8222;Kreditkarte&#8220; finden sich die Abo-Angebote mit wiederkehrenden Zahlungen. Die Kreditkarte wird automatisch zum Beginn einer neuen Abrechnungsperiode erneut belastet.<\/p>\n<p style=\"text-align: justify;\">Im Bereich &#8222;Bank\u00fcberweisung&#8220; finden sich die Einmalzahlungs-Angebote f\u00fcr den gew\u00e4hlten Zeitraum.<\/p>\n<p style=\"text-align: justify;\">4. K\u00fcndigung<br \/>Abos k\u00f6nnen jederzeit vom Mitglied mit einer Frist von 2 Wochen zum Ende der laufenden Abrechnungsperiode gek\u00fcndigt werden. Die Mitgliedschaft endet dann zum Ablauf der aktuell laufenden Abrechnungsperiode, der Zugang erlischt und die Kreditkarte wird nicht weiter belastet.<br \/>K\u00fcndigung bitte an: christianedurer@gmail.com<\/p>\n<p style=\"text-align: justify;\">5. Verl\u00e4ngerung der Mitgliedschaft<br \/>Einmalzahlungen aus dem Bereich &#8222;Bank\u00fcberweisung&#8220; bed\u00fcrfen keiner K\u00fcndigung &#8211; sie erl\u00f6schen automatisch zum Ende der gebuchten Laufzeit und m\u00fcssen durch aktive Handlung des Mitglieds (erneute Zahlung) erneuert werden. Dazu kann gerne die bereits laufend zum Login genutzte Emailadresse genutzt werden. Wenige Tage vor Ablauf der Mitgliedschaft erh\u00e4lt das Mitglied diesbez\u00fcglich eine automatische &#8222;Erinnerungsmail&#8220; an die zum Login genutzte Emailadresse.<\/p>\n<p style=\"text-align: justify;\">6. Ein Widerrufsrecht gibt es nicht. Das Mitglied betritt den Mitgliederbereich im &#8222;laufenden Prozess&#8220; &#8211; das bedeutet, dass dem neuen Mitglied bereits zum Zeitpunkt des ersten Einloggens in den Mitgliederbereich sehr viele Informationen zur Verf\u00fcgung stehen. Diese gelten ab dem ersten Login als genutzt.<\/p>\n<p style=\"text-align: justify;\">Salvatorische Klausel:<br \/>Sollte ein Punkt der Vereinbarung \u00fcber die Rahmenbedingungen ganz oder teilweise unwirksam sein oder werden, so ber\u00fchrt dies nicht die \u00fcbrigen o.g. Punkte. Anstelle einer ggf. unwirksamen Vereinbarung gilt dieser Punkt dem Sinn nach als vereinbart und wird so umformuliert, dass er dem Ursprungsgedanken am n\u00e4chsten kommt.<\/p>\n<p style=\"text-align: justify;\">Bitte lesen Sie auch die Datenschutzerkl\u00e4rung sowie die faq.<\/p>\n<p style=\"text-align: justify;\">Vielen Dank.<\/p>\n<p style=\"text-align: justify;\">Gerichtsstand ist Amriswil, Schweiz<\/p>\n<p>[\/et_pb_text][\/et_pb_column][et_pb_column type=&#8220;1_3&#8243; _builder_version=&#8220;4.16&#8243; global_colors_info=&#8220;{}&#8220;][\/et_pb_column][\/et_pb_row][\/et_pb_section]<\/p>\n","protected":false},"excerpt":{"rendered":"<p>Allgemeine Gesch\u00e4ftsbedingungen (AGB) f\u00fcr die Mitgliedschaft bei astro-seiten.de Bei der Mitgliedschaft handelt es sich um den Zugang zum gesch\u00fctzten Mitgliederbereich von astro-seiten.de. Dort werden in der Regel t\u00e4glich (5 Tage\/Woche) Texte mit Informationen, Berechnungen oder \/ und inhaltlichen Zusammenh\u00e4ngen zum Zeitgeschehen und der damit verbundenen zuk\u00fcnftigen Entwicklung &#8211; astrologisch betrachtet &#8211; eingestellt. Mitglied kann jeweils [&hellip;]<\/p>\n","protected":false},"author":2,"featured_media":0,"parent":0,"menu_order":0,"comment_status":"closed","ping_status":"closed","template":"","meta":{"_et_pb_use_builder":"on","_et_pb_old_content":"","_et_gb_content_width":"","footnotes":""},"class_list":["post-150","page","type-page","status-publish","hentry"],"_links":{"self":[{"href":"https:\/\/zukunft.astro-seiten.de\/indexseite\/wp-json\/wp\/v2\/pages\/150","targetHints":{"allow":["GET"]}}],"collection":[{"href":"https:\/\/zukunft.astro-seiten.de\/indexseite\/wp-json\/wp\/v2\/pages"}],"about":[{"href":"https:\/\/zukunft.astro-seiten.de\/indexseite\/wp-json\/wp\/v2\/types\/page"}],"author":[{"embeddable":true,"href":"https:\/\/zukunft.astro-seiten.de\/indexseite\/wp-json\/wp\/v2\/users\/2"}],"replies":[{"embeddable":true,"href":"https:\/\/zukunft.astro-seiten.de\/indexseite\/wp-json\/wp\/v2\/comments?post=150"}],"version-history":[{"count":13,"href":"https:\/\/zukunft.astro-seiten.de\/indexseite\/wp-json\/wp\/v2\/pages\/150\/revisions"}],"predecessor-version":[{"id":7624,"href":"https:\/\/zukunft.astro-seiten.de\/indexseite\/wp-json\/wp\/v2\/pages\/150\/revisions\/7624"}],"wp:attachment":[{"href":"https:\/\/zukunft.astro-seiten.de\/indexseite\/wp-json\/wp\/v2\/media?parent=150"}],"curies":[{"name":"wp","href":"https:\/\/api.w.org\/{rel}","templated":true}]}}